{"id":7941,"date":"2025-04-06T17:31:30","date_gmt":"2025-04-06T21:31:30","guid":{"rendered":"https:\/\/innovabolivia.com\/?page_id=7941"},"modified":"2025-05-20T10:15:24","modified_gmt":"2025-05-20T14:15:24","slug":"alarmas-contra-robo-e-incendio","status":"publish","type":"page","link":"https:\/\/innovabolivia.com\/index.php\/alarmas-contra-robo-e-incendio\/","title":{"rendered":"Alarmas Contra Robo e Incendio"},"content":{"rendered":"\t\t<div data-elementor-type=\"wp-page\" data-elementor-id=\"7941\" class=\"elementor elementor-7941\" data-elementor-post-type=\"page\">\n\t\t\t\t<div class=\"elementor-element elementor-element-2253478 e-grid e-con-boxed e-con e-parent\" data-id=\"2253478\" data-element_type=\"container\" data-e-type=\"container\">\n\t\t\t\t\t<div class=\"e-con-inner\">\n\t\t<div class=\"elementor-element elementor-element-96772be e-con-full e-flex e-con e-child\" data-id=\"96772be\" data-element_type=\"container\" data-e-type=\"container\">\n\t\t\t\t<div class=\"elementor-element elementor-element-2fd29f0 elementor-widget elementor-widget-heading\" data-id=\"2fd29f0\" data-element_type=\"widget\" data-e-type=\"widget\" data-widget_type=\"heading.default\">\n\t\t\t\t<div class=\"elementor-widget-container\">\n\t\t\t\t\t<h2 class=\"elementor-heading-title elementor-size-default\">Protecci\u00f3n Inteligente para tu casa, negocio, empresa e instituciones <\/h2>\t\t\t\t<\/div>\n\t\t\t\t<\/div>\n\t\t\t\t<div class=\"elementor-element elementor-element-7d779b9 elementor-widget elementor-widget-text-editor\" data-id=\"7d779b9\" data-element_type=\"widget\" data-e-type=\"widget\" data-widget_type=\"text-editor.default\">\n\t\t\t\t<div class=\"elementor-widget-container\">\n\t\t\t\t\t\t\t\t\t<p class=\"\" data-start=\"254\" data-end=\"367\">Seguridad confiable, tecnolog\u00eda avanzada, protegiendo lo que m\u00e1s te importa, con sistemas dise\u00f1ados para ti.<\/p>\t\t\t\t\t\t\t\t<\/div>\n\t\t\t\t<\/div>\n\t\t\t\t<div class=\"elementor-element elementor-element-1df0971 elementor-widget elementor-widget-button\" data-id=\"1df0971\" data-element_type=\"widget\" data-e-type=\"widget\" data-widget_type=\"button.default\">\n\t\t\t\t<div class=\"elementor-widget-container\">\n\t\t\t\t\t\t\t\t\t<div class=\"elementor-button-wrapper\">\n\t\t\t\t\t<a class=\"elementor-button elementor-button-link elementor-size-sm\" href=\"https:\/\/innovabolivia.com\/index.php\/contact\/\">\n\t\t\t\t\t\t<span class=\"elementor-button-content-wrapper\">\n\t\t\t\t\t\t\t\t\t<span class=\"elementor-button-text\">M\u00e1s informaci\u00f3n<\/span>\n\t\t\t\t\t<\/span>\n\t\t\t\t\t<\/a>\n\t\t\t\t<\/div>\n\t\t\t\t\t\t\t\t<\/div>\n\t\t\t\t<\/div>\n\t\t\t\t<\/div>\n\t\t<div class=\"elementor-element elementor-element-2666f34 e-con-full e-flex e-con e-child\" data-id=\"2666f34\" data-element_type=\"container\" data-e-type=\"container\">\n\t\t\t\t<div class=\"elementor-element elementor-element-307db57 elementor-widget elementor-widget-image\" data-id=\"307db57\" data-element_type=\"widget\" data-e-type=\"widget\" data-widget_type=\"image.default\">\n\t\t\t\t<div class=\"elementor-widget-container\">\n\t\t\t\t\t\t\t\t\t\t\t\t\t\t\t<img fetchpriority=\"high\" decoding=\"async\" width=\"900\" height=\"506\" src=\"https:\/\/innovabolivia.com\/wp-content\/uploads\/2025\/05\/alarma-innova.jpg\" class=\"attachment-large size-large wp-image-8271\" alt=\"\" srcset=\"https:\/\/innovabolivia.com\/wp-content\/uploads\/2025\/05\/alarma-innova.jpg 900w, https:\/\/innovabolivia.com\/wp-content\/uploads\/2025\/05\/alarma-innova-300x169.jpg 300w, https:\/\/innovabolivia.com\/wp-content\/uploads\/2025\/05\/alarma-innova-768x432.jpg 768w\" sizes=\"(max-width: 900px) 100vw, 900px\" \/>\t\t\t\t\t\t\t\t\t\t\t\t\t\t\t<\/div>\n\t\t\t\t<\/div>\n\t\t\t\t<\/div>\n\t\t\t\t\t<\/div>\n\t\t\t\t<\/div>\n\t\t<div class=\"elementor-element elementor-element-f4416ed e-flex e-con-boxed e-con e-parent\" data-id=\"f4416ed\" data-element_type=\"container\" data-e-type=\"container\" data-settings=\"{&quot;background_background&quot;:&quot;classic&quot;}\">\n\t\t\t\t\t<div class=\"e-con-inner\">\n\t\t<div class=\"elementor-element elementor-element-063b1fa e-con-full e-flex e-con e-child\" data-id=\"063b1fa\" data-element_type=\"container\" data-e-type=\"container\">\n\t\t\t\t<\/div>\n\t\t<div class=\"elementor-element elementor-element-e883d43 e-con-full e-flex e-con e-child\" data-id=\"e883d43\" data-element_type=\"container\" data-e-type=\"container\">\n\t\t\t\t<div class=\"elementor-element elementor-element-9cd3fa8 elementor-widget elementor-widget-text-editor\" data-id=\"9cd3fa8\" data-element_type=\"widget\" data-e-type=\"widget\" data-widget_type=\"text-editor.default\">\n\t\t\t\t<div class=\"elementor-widget-container\">\n\t\t\t\t\t\t\t\t\t<div class=\"elementor-element elementor-element-b9d35f3 elementor-widget elementor-widget-heading\" data-id=\"b9d35f3\" data-element_type=\"widget\" data-widget_type=\"heading.default\"><div class=\"elementor-widget-container\"><h3 class=\"elementor-heading-title elementor-size-default\">Sistema de alarma contra robos<\/h3><\/div><\/div><div class=\"elementor-element elementor-element-648bab8 elementor-widget elementor-widget-text-editor\" data-id=\"648bab8\" data-element_type=\"widget\" data-widget_type=\"text-editor.default\"><div class=\"elementor-widget-container\"><p>\u00bfQu\u00e9 equipos incluye en la instalaci\u00f3n de un sistema de alarma contra robo e intrusi\u00f3n?<\/p><p>Nuestros sistemas est\u00e1n compuestos por los siguientes equipos:<\/p><\/div><\/div><div class=\"elementor-element elementor-element-87a49cb elementor-align-left elementor-icon-list--layout-traditional elementor-list-item-link-full_width elementor-widget elementor-widget-icon-list\" data-id=\"87a49cb\" data-element_type=\"widget\" data-widget_type=\"icon-list.default\"><div class=\"elementor-widget-container\"><ul class=\"elementor-icon-list-items\"><li class=\"elementor-icon-list-item\"><i class=\"fas fa-check\" aria-hidden=\"true\"><\/i><span class=\"elementor-icon-list-text\">Panel centralizado de alarma cableado o inal\u00e1mbrico.<\/span><\/li><li class=\"elementor-icon-list-item\"><i class=\"fas fa-check\" aria-hidden=\"true\"><\/i><span class=\"elementor-icon-list-text\">Bater\u00edas de respaldo.<\/span><\/li><li class=\"elementor-icon-list-item\"><i class=\"fas fa-check\" aria-hidden=\"true\"><\/i><span class=\"elementor-icon-list-text\">Sensores de movimiento exteriores e interiores.<\/span><\/li><li class=\"elementor-icon-list-item\"><i class=\"fas fa-check\" aria-hidden=\"true\"><\/i><span class=\"elementor-icon-list-text\">Detectores de apertura de puertas y ventanas<\/span><\/li><li class=\"elementor-icon-list-item\"><i class=\"fas fa-check\" aria-hidden=\"true\"><\/i><span class=\"elementor-icon-list-text\">Sirenas de alta potencia.<\/span><\/li><li class=\"elementor-icon-list-item\"><i class=\"fas fa-check\" aria-hidden=\"true\"><\/i><span class=\"elementor-icon-list-text\">Teclado de control.<\/span><\/li><li class=\"elementor-icon-list-item\"><i class=\"fas fa-check\" aria-hidden=\"true\"><\/i><span class=\"elementor-icon-list-text\">Receptores inal\u00e1mbricos.<\/span><\/li><li class=\"elementor-icon-list-item\"><i class=\"fas fa-check\" aria-hidden=\"true\"><\/i><span class=\"elementor-icon-list-text\">Pulsadores de p\u00e1nico.<\/span><\/li><\/ul><\/div><\/div>\t\t\t\t\t\t\t\t<\/div>\n\t\t\t\t<\/div>\n\t\t\t\t<\/div>\n\t\t\t\t\t<\/div>\n\t\t\t\t<\/div>\n\t\t<div class=\"elementor-element elementor-element-455b815 e-flex e-con-boxed e-con e-parent\" data-id=\"455b815\" data-element_type=\"container\" data-e-type=\"container\">\n\t\t\t\t\t<div class=\"e-con-inner\">\n\t\t\t\t<div class=\"elementor-element elementor-element-140a933 elementor-widget elementor-widget-heading\" data-id=\"140a933\" data-element_type=\"widget\" data-e-type=\"widget\" data-widget_type=\"heading.default\">\n\t\t\t\t<div class=\"elementor-widget-container\">\n\t\t\t\t\t<h2 class=\"elementor-heading-title elementor-size-default\">Instalaciones de alarmas inteligentes<\/h2>\t\t\t\t<\/div>\n\t\t\t\t<\/div>\n\t\t\t\t\t<\/div>\n\t\t\t\t<\/div>\n\t\t<div class=\"elementor-element elementor-element-dbeb669 e-grid e-con-boxed e-con e-parent\" data-id=\"dbeb669\" data-element_type=\"container\" data-e-type=\"container\">\n\t\t\t\t\t<div class=\"e-con-inner\">\n\t\t<div class=\"elementor-element elementor-element-570fdc1 e-con-full e-flex e-con e-child\" data-id=\"570fdc1\" data-element_type=\"container\" data-e-type=\"container\">\n\t\t\t\t<div class=\"elementor-element elementor-element-2911484 elementor-widget elementor-widget-image\" data-id=\"2911484\" data-element_type=\"widget\" data-e-type=\"widget\" data-widget_type=\"image.default\">\n\t\t\t\t<div class=\"elementor-widget-container\">\n\t\t\t\t\t\t\t\t\t\t\t\t\t\t\t<img decoding=\"async\" width=\"128\" height=\"128\" src=\"https:\/\/innovabolivia.com\/wp-content\/uploads\/2025\/05\/robo-alarma.png\" class=\"attachment-large size-large wp-image-8326\" alt=\"\" srcset=\"https:\/\/innovabolivia.com\/wp-content\/uploads\/2025\/05\/robo-alarma.png 128w, https:\/\/innovabolivia.com\/wp-content\/uploads\/2025\/05\/robo-alarma-46x46.png 46w, https:\/\/innovabolivia.com\/wp-content\/uploads\/2025\/05\/robo-alarma-100x100.png 100w, https:\/\/innovabolivia.com\/wp-content\/uploads\/2025\/05\/robo-alarma-54x54.png 54w, https:\/\/innovabolivia.com\/wp-content\/uploads\/2025\/05\/robo-alarma-80x80.png 80w\" sizes=\"(max-width: 128px) 100vw, 128px\" \/>\t\t\t\t\t\t\t\t\t\t\t\t\t\t\t<\/div>\n\t\t\t\t<\/div>\n\t\t\t\t<div class=\"elementor-element elementor-element-c0f8005 elementor-widget elementor-widget-heading\" data-id=\"c0f8005\" data-element_type=\"widget\" data-e-type=\"widget\" data-widget_type=\"heading.default\">\n\t\t\t\t<div class=\"elementor-widget-container\">\n\t\t\t\t\t<h3 class=\"elementor-heading-title elementor-size-default\">Alarmas Contra Robo<\/h3>\t\t\t\t<\/div>\n\t\t\t\t<\/div>\n\t\t\t\t<div class=\"elementor-element elementor-element-aa35a54 elementor-widget elementor-widget-text-editor\" data-id=\"aa35a54\" data-element_type=\"widget\" data-e-type=\"widget\" data-widget_type=\"text-editor.default\">\n\t\t\t\t<div class=\"elementor-widget-container\">\n\t\t\t\t\t\t\t\t\t<p>Protege lo que m\u00e1s valoras con un sistema de alarma inteligente que detecta intrusos al instante. Recibe alertas en tiempo real, activa sirenas disuasivas y mant\u00e9n tu hogar o negocio siempre seguro, incluso cuando no est\u00e1s presente.<\/p>\t\t\t\t\t\t\t\t<\/div>\n\t\t\t\t<\/div>\n\t\t\t\t<\/div>\n\t\t<div class=\"elementor-element elementor-element-f7c7278 e-con-full e-flex e-con e-child\" data-id=\"f7c7278\" data-element_type=\"container\" data-e-type=\"container\">\n\t\t\t\t<div class=\"elementor-element elementor-element-75584cd elementor-widget elementor-widget-image\" data-id=\"75584cd\" data-element_type=\"widget\" data-e-type=\"widget\" data-widget_type=\"image.default\">\n\t\t\t\t<div class=\"elementor-widget-container\">\n\t\t\t\t\t\t\t\t\t\t\t\t\t\t\t<img decoding=\"async\" width=\"128\" height=\"128\" src=\"https:\/\/innovabolivia.com\/wp-content\/uploads\/2025\/05\/fuego-alarma.png\" class=\"attachment-large size-large wp-image-8327\" alt=\"\" srcset=\"https:\/\/innovabolivia.com\/wp-content\/uploads\/2025\/05\/fuego-alarma.png 128w, https:\/\/innovabolivia.com\/wp-content\/uploads\/2025\/05\/fuego-alarma-46x46.png 46w, https:\/\/innovabolivia.com\/wp-content\/uploads\/2025\/05\/fuego-alarma-100x100.png 100w, https:\/\/innovabolivia.com\/wp-content\/uploads\/2025\/05\/fuego-alarma-54x54.png 54w, https:\/\/innovabolivia.com\/wp-content\/uploads\/2025\/05\/fuego-alarma-80x80.png 80w\" sizes=\"(max-width: 128px) 100vw, 128px\" \/>\t\t\t\t\t\t\t\t\t\t\t\t\t\t\t<\/div>\n\t\t\t\t<\/div>\n\t\t\t\t<div class=\"elementor-element elementor-element-7b39f55 elementor-widget elementor-widget-heading\" data-id=\"7b39f55\" data-element_type=\"widget\" data-e-type=\"widget\" data-widget_type=\"heading.default\">\n\t\t\t\t<div class=\"elementor-widget-container\">\n\t\t\t\t\t<h3 class=\"elementor-heading-title elementor-size-default\">Alarmas Contra Incendio<\/h3>\t\t\t\t<\/div>\n\t\t\t\t<\/div>\n\t\t\t\t<div class=\"elementor-element elementor-element-b0bdd06 elementor-widget elementor-widget-text-editor\" data-id=\"b0bdd06\" data-element_type=\"widget\" data-e-type=\"widget\" data-widget_type=\"text-editor.default\">\n\t\t\t\t<div class=\"elementor-widget-container\">\n\t\t\t\t\t\t\t\t\t<p>Detecta humo y calor de forma inmediata y activa alertas sonoras para evacuar a tiempo. Protege vidas y bienes con un sistema confiable, ideal para hogares, negocios e instituciones.<\/p>\t\t\t\t\t\t\t\t<\/div>\n\t\t\t\t<\/div>\n\t\t\t\t<\/div>\n\t\t<div class=\"elementor-element elementor-element-9d0e30f e-con-full e-flex e-con e-child\" data-id=\"9d0e30f\" data-element_type=\"container\" data-e-type=\"container\">\n\t\t\t\t<div class=\"elementor-element elementor-element-8968f96 elementor-widget elementor-widget-image\" data-id=\"8968f96\" data-element_type=\"widget\" data-e-type=\"widget\" data-widget_type=\"image.default\">\n\t\t\t\t<div class=\"elementor-widget-container\">\n\t\t\t\t\t\t\t\t\t\t\t\t\t\t\t<img loading=\"lazy\" decoding=\"async\" width=\"128\" height=\"128\" src=\"https:\/\/innovabolivia.com\/wp-content\/uploads\/2025\/05\/vecinal-alarma.png\" class=\"attachment-large size-large wp-image-8328\" alt=\"\" srcset=\"https:\/\/innovabolivia.com\/wp-content\/uploads\/2025\/05\/vecinal-alarma.png 128w, https:\/\/innovabolivia.com\/wp-content\/uploads\/2025\/05\/vecinal-alarma-46x46.png 46w, https:\/\/innovabolivia.com\/wp-content\/uploads\/2025\/05\/vecinal-alarma-100x100.png 100w, https:\/\/innovabolivia.com\/wp-content\/uploads\/2025\/05\/vecinal-alarma-54x54.png 54w, https:\/\/innovabolivia.com\/wp-content\/uploads\/2025\/05\/vecinal-alarma-80x80.png 80w\" sizes=\"(max-width: 128px) 100vw, 128px\" \/>\t\t\t\t\t\t\t\t\t\t\t\t\t\t\t<\/div>\n\t\t\t\t<\/div>\n\t\t\t\t<div class=\"elementor-element elementor-element-cb94376 elementor-widget elementor-widget-heading\" data-id=\"cb94376\" data-element_type=\"widget\" data-e-type=\"widget\" data-widget_type=\"heading.default\">\n\t\t\t\t<div class=\"elementor-widget-container\">\n\t\t\t\t\t<h3 class=\"elementor-heading-title elementor-size-default\">Alarmas Vecinales<\/h3>\t\t\t\t<\/div>\n\t\t\t\t<\/div>\n\t\t\t\t<div class=\"elementor-element elementor-element-d44c187 elementor-widget elementor-widget-text-editor\" data-id=\"d44c187\" data-element_type=\"widget\" data-e-type=\"widget\" data-widget_type=\"text-editor.default\">\n\t\t\t\t<div class=\"elementor-widget-container\">\n\t\t\t\t\t\t\t\t\t<p>Fortalece la seguridad de tu barrio con sistemas de alarma comunitaria. Activaci\u00f3n r\u00e1pida desde control remoto o app, sirenas potentes y respuesta inmediata para prevenir robos y alertar a todos los vecinos.<\/p>\t\t\t\t\t\t\t\t<\/div>\n\t\t\t\t<\/div>\n\t\t\t\t<\/div>\n\t\t<div class=\"elementor-element elementor-element-48e1c14 e-con-full e-flex e-con e-child\" data-id=\"48e1c14\" data-element_type=\"container\" data-e-type=\"container\">\n\t\t\t\t<div class=\"elementor-element elementor-element-a0891fa elementor-widget elementor-widget-image\" data-id=\"a0891fa\" data-element_type=\"widget\" data-e-type=\"widget\" data-widget_type=\"image.default\">\n\t\t\t\t<div class=\"elementor-widget-container\">\n\t\t\t\t\t\t\t\t\t\t\t\t\t\t\t<img loading=\"lazy\" decoding=\"async\" width=\"128\" height=\"128\" src=\"https:\/\/innovabolivia.com\/wp-content\/uploads\/2025\/05\/cerco-electrico.png\" class=\"attachment-large size-large wp-image-8329\" alt=\"\" srcset=\"https:\/\/innovabolivia.com\/wp-content\/uploads\/2025\/05\/cerco-electrico.png 128w, https:\/\/innovabolivia.com\/wp-content\/uploads\/2025\/05\/cerco-electrico-46x46.png 46w, https:\/\/innovabolivia.com\/wp-content\/uploads\/2025\/05\/cerco-electrico-100x100.png 100w, https:\/\/innovabolivia.com\/wp-content\/uploads\/2025\/05\/cerco-electrico-54x54.png 54w, https:\/\/innovabolivia.com\/wp-content\/uploads\/2025\/05\/cerco-electrico-80x80.png 80w\" sizes=\"(max-width: 128px) 100vw, 128px\" \/>\t\t\t\t\t\t\t\t\t\t\t\t\t\t\t<\/div>\n\t\t\t\t<\/div>\n\t\t\t\t<div class=\"elementor-element elementor-element-4be9d53 elementor-widget elementor-widget-heading\" data-id=\"4be9d53\" data-element_type=\"widget\" data-e-type=\"widget\" data-widget_type=\"heading.default\">\n\t\t\t\t<div class=\"elementor-widget-container\">\n\t\t\t\t\t<h3 class=\"elementor-heading-title elementor-size-default\">Cercos El\u00e9ctricos<\/h3>\t\t\t\t<\/div>\n\t\t\t\t<\/div>\n\t\t\t\t<div class=\"elementor-element elementor-element-189c3de elementor-widget elementor-widget-text-editor\" data-id=\"189c3de\" data-element_type=\"widget\" data-e-type=\"widget\" data-widget_type=\"text-editor.default\">\n\t\t\t\t<div class=\"elementor-widget-container\">\n\t\t\t\t\t\t\t\t\t<p>Protege el per\u00edmetro de tu propiedad con una barrera disuasiva de alto voltaje. Detecci\u00f3n inmediata de intrusos, sirena de alerta y monitoreo constante para hogares, negocios y terrenos.<\/p>\t\t\t\t\t\t\t\t<\/div>\n\t\t\t\t<\/div>\n\t\t\t\t<\/div>\n\t\t\t\t\t<\/div>\n\t\t\t\t<\/div>\n\t\t<div class=\"elementor-element elementor-element-1afaa2d e-flex e-con-boxed e-con e-parent\" data-id=\"1afaa2d\" data-element_type=\"container\" data-e-type=\"container\">\n\t\t\t\t\t<div class=\"e-con-inner\">\n\t\t\t\t<div class=\"elementor-element elementor-element-b322178 elementor-widget elementor-widget-heading\" data-id=\"b322178\" data-element_type=\"widget\" data-e-type=\"widget\" data-widget_type=\"heading.default\">\n\t\t\t\t<div class=\"elementor-widget-container\">\n\t\t\t\t\t<h2 class=\"elementor-heading-title elementor-size-default\">Nuestro Compromiso<\/h2>\t\t\t\t<\/div>\n\t\t\t\t<\/div>\n\t\t\t\t\t<\/div>\n\t\t\t\t<\/div>\n\t\t<div class=\"elementor-element elementor-element-077d3e1 e-grid e-con-boxed e-con e-parent\" data-id=\"077d3e1\" data-element_type=\"container\" data-e-type=\"container\">\n\t\t\t\t\t<div class=\"e-con-inner\">\n\t\t\t\t<div class=\"elementor-element elementor-element-989a915 elementor-widget elementor-widget-text-editor\" data-id=\"989a915\" data-element_type=\"widget\" data-e-type=\"widget\" data-widget_type=\"text-editor.default\">\n\t\t\t\t<div class=\"elementor-widget-container\">\n\t\t\t\t\t\t\t\t\t<div class=\"custom-card\">\n<div class=\"card-icon\"><img decoding=\"async\" src=\"https:\/\/innovabolivia.com\/wp-content\/uploads\/2025\/05\/alarma-blanco.png\" alt=\"Icono\" \/><\/div>\n<div class=\"card-content\">\n<h4 class=\"elementor-heading-title elementor-size-default\">Detecci\u00f3n Inteligente<\/h4>\nNuestras alarmas inteligentes utilizan sensores avanzados para detectar intrusiones, fuego, humo, inundaciones y otros riesgos.\n\n<\/div>\n<\/div>\t\t\t\t\t\t\t\t<\/div>\n\t\t\t\t<\/div>\n\t\t\t\t<div class=\"elementor-element elementor-element-4a6df4a elementor-widget elementor-widget-text-editor\" data-id=\"4a6df4a\" data-element_type=\"widget\" data-e-type=\"widget\" data-widget_type=\"text-editor.default\">\n\t\t\t\t<div class=\"elementor-widget-container\">\n\t\t\t\t\t\t\t\t\t<div class=\"custom-card\">\n<div class=\"card-icon\"><img decoding=\"async\" src=\"https:\/\/innovabolivia.com\/wp-content\/uploads\/2025\/05\/notificacion-blanco.png\" alt=\"Icono\" \/><\/div>\n<div class=\"card-content\">\n<h4 class=\"elementor-heading-title elementor-size-default\">Notificaciones en Tiempo Real<\/h4>\nRecibe notificaciones instant\u00e1neas en tu dispositivo m\u00f3vil en caso de cualquier incidente o actividad sospechosa.\n\n<\/div>\n<\/div>\t\t\t\t\t\t\t\t<\/div>\n\t\t\t\t<\/div>\n\t\t\t\t<div class=\"elementor-element elementor-element-c16bae1 elementor-widget elementor-widget-text-editor\" data-id=\"c16bae1\" data-element_type=\"widget\" data-e-type=\"widget\" data-widget_type=\"text-editor.default\">\n\t\t\t\t<div class=\"elementor-widget-container\">\n\t\t\t\t\t\t\t\t\t<div class=\"custom-card\">\n<div class=\"card-icon\"><img decoding=\"async\" src=\"https:\/\/innovabolivia.com\/wp-content\/uploads\/2025\/05\/mobile_blanco.png\" alt=\"Icono\" \/><\/div>\n<div class=\"card-content\">\n<h4 class=\"elementor-heading-title elementor-size-default\">Conectividad y Control Remoto<\/h4>\nControla y monitorea tu sistema de alarma desde cualquier lugar, en cualquier momento, a trav\u00e9s de una aplicaci\u00f3n intuitiva.\n\n<\/div>\n<\/div>\t\t\t\t\t\t\t\t<\/div>\n\t\t\t\t<\/div>\n\t\t\t\t\t<\/div>\n\t\t\t\t<\/div>\n\t\t\t\t<\/div>\n\t\t","protected":false},"excerpt":{"rendered":"<p>Protecci\u00f3n Inteligente para tu casa, negocio, empresa e instituciones Seguridad confiable, tecnolog\u00eda avanzada, protegiendo lo que m\u00e1s te importa, con sistemas dise\u00f1ados para ti. M\u00e1s informaci\u00f3n Sistema de alarma contra robos \u00bfQu\u00e9 equipos incluye en la instalaci\u00f3n de un sistema de alarma contra robo e intrusi\u00f3n? Nuestros sistemas est\u00e1n compuestos por los siguientes equipos: Panel [&hellip;]<\/p>\n","protected":false},"author":1,"featured_media":0,"parent":0,"menu_order":0,"comment_status":"closed","ping_status":"closed","template":"","meta":{"footnotes":""},"class_list":["post-7941","page","type-page","status-publish","hentry"],"_links":{"self":[{"href":"https:\/\/innovabolivia.com\/index.php\/wp-json\/wp\/v2\/pages\/7941","targetHints":{"allow":["GET"]}}],"collection":[{"href":"https:\/\/innovabolivia.com\/index.php\/wp-json\/wp\/v2\/pages"}],"about":[{"href":"https:\/\/innovabolivia.com\/index.php\/wp-json\/wp\/v2\/types\/page"}],"author":[{"embeddable":true,"href":"https:\/\/innovabolivia.com\/index.php\/wp-json\/wp\/v2\/users\/1"}],"replies":[{"embeddable":true,"href":"https:\/\/innovabolivia.com\/index.php\/wp-json\/wp\/v2\/comments?post=7941"}],"version-history":[{"count":79,"href":"https:\/\/innovabolivia.com\/index.php\/wp-json\/wp\/v2\/pages\/7941\/revisions"}],"predecessor-version":[{"id":8376,"href":"https:\/\/innovabolivia.com\/index.php\/wp-json\/wp\/v2\/pages\/7941\/revisions\/8376"}],"wp:attachment":[{"href":"https:\/\/innovabolivia.com\/index.php\/wp-json\/wp\/v2\/media?parent=7941"}],"curies":[{"name":"wp","href":"https:\/\/api.w.org\/{rel}","templated":true}]}}