{"id":7949,"date":"2025-04-06T17:38:06","date_gmt":"2025-04-06T21:38:06","guid":{"rendered":"https:\/\/innovabolivia.com\/?page_id=7949"},"modified":"2025-06-04T12:01:16","modified_gmt":"2025-06-04T16:01:16","slug":"redes-y-telecomunicacion","status":"publish","type":"page","link":"https:\/\/innovabolivia.com\/index.php\/redes-y-telecomunicacion\/","title":{"rendered":"Redes y Telecomunicaci\u00f3n"},"content":{"rendered":"\t\t<div data-elementor-type=\"wp-page\" data-elementor-id=\"7949\" class=\"elementor elementor-7949\" data-elementor-post-type=\"page\">\n\t\t\t\t<div class=\"elementor-element elementor-element-fe03df9 e-grid e-con-boxed e-con e-parent\" data-id=\"fe03df9\" data-element_type=\"container\" data-e-type=\"container\" data-settings=\"{&quot;background_background&quot;:&quot;classic&quot;}\">\n\t\t\t\t\t<div class=\"e-con-inner\">\n\t\t<div class=\"elementor-element elementor-element-db3516c e-con-full e-flex e-con e-child\" data-id=\"db3516c\" data-element_type=\"container\" data-e-type=\"container\">\n\t\t\t\t<div class=\"elementor-element elementor-element-2ac5240 elementor-widget elementor-widget-heading\" data-id=\"2ac5240\" data-element_type=\"widget\" data-e-type=\"widget\" data-widget_type=\"heading.default\">\n\t\t\t\t<div class=\"elementor-widget-container\">\n\t\t\t\t\t<h2 class=\"elementor-heading-title elementor-size-default\">Transmisi\u00f3n de Datos y Cableado Estructurado\n<\/h2>\t\t\t\t<\/div>\n\t\t\t\t<\/div>\n\t\t\t\t<div class=\"elementor-element elementor-element-8ed38a1 elementor-widget elementor-widget-text-editor\" data-id=\"8ed38a1\" data-element_type=\"widget\" data-e-type=\"widget\" data-widget_type=\"text-editor.default\">\n\t\t\t\t<div class=\"elementor-widget-container\">\n\t\t\t\t\t\t\t\t\t<p>Enlaces por Fibra \u00d3ptica Dedicados tipo Punto a Punto &#8211; Punto Multipunto<\/p>\t\t\t\t\t\t\t\t<\/div>\n\t\t\t\t<\/div>\n\t\t\t\t<div class=\"elementor-element elementor-element-0710a57 elementor-widget elementor-widget-button\" data-id=\"0710a57\" data-element_type=\"widget\" data-e-type=\"widget\" data-widget_type=\"button.default\">\n\t\t\t\t<div class=\"elementor-widget-container\">\n\t\t\t\t\t\t\t\t\t<div class=\"elementor-button-wrapper\">\n\t\t\t\t\t<a class=\"elementor-button elementor-button-link elementor-size-sm\" href=\"#\">\n\t\t\t\t\t\t<span class=\"elementor-button-content-wrapper\">\n\t\t\t\t\t\t\t\t\t<span class=\"elementor-button-text\">M\u00e1s informaci\u00f3n<\/span>\n\t\t\t\t\t<\/span>\n\t\t\t\t\t<\/a>\n\t\t\t\t<\/div>\n\t\t\t\t\t\t\t\t<\/div>\n\t\t\t\t<\/div>\n\t\t\t\t<\/div>\n\t\t\t\t\t<\/div>\n\t\t\t\t<\/div>\n\t\t<div class=\"elementor-element elementor-element-8e5a75d e-grid e-con-boxed e-con e-parent\" data-id=\"8e5a75d\" data-element_type=\"container\" data-e-type=\"container\">\n\t\t\t\t\t<div class=\"e-con-inner\">\n\t\t<div class=\"elementor-element elementor-element-29592a9 e-con-full e-flex e-con e-child\" data-id=\"29592a9\" data-element_type=\"container\" data-e-type=\"container\">\n\t\t\t\t<div class=\"elementor-element elementor-element-4a3bf15 elementor-widget elementor-widget-image\" data-id=\"4a3bf15\" data-element_type=\"widget\" data-e-type=\"widget\" data-widget_type=\"image.default\">\n\t\t\t\t<div class=\"elementor-widget-container\">\n\t\t\t\t\t\t\t\t\t\t\t\t\t\t\t<img fetchpriority=\"high\" decoding=\"async\" width=\"574\" height=\"599\" src=\"https:\/\/innovabolivia.com\/wp-content\/uploads\/2025\/06\/cableado.png\" class=\"attachment-large size-large wp-image-8523\" alt=\"\" srcset=\"https:\/\/innovabolivia.com\/wp-content\/uploads\/2025\/06\/cableado.png 574w, https:\/\/innovabolivia.com\/wp-content\/uploads\/2025\/06\/cableado-287x300.png 287w\" sizes=\"(max-width: 574px) 100vw, 574px\" \/>\t\t\t\t\t\t\t\t\t\t\t\t\t\t\t<\/div>\n\t\t\t\t<\/div>\n\t\t\t\t<\/div>\n\t\t<div class=\"elementor-element elementor-element-be9ce87 e-con-full e-flex e-con e-child\" data-id=\"be9ce87\" data-element_type=\"container\" data-e-type=\"container\">\n\t\t\t\t<div class=\"elementor-element elementor-element-ac441dd elementor-widget elementor-widget-text-editor\" data-id=\"ac441dd\" data-element_type=\"widget\" data-e-type=\"widget\" data-widget_type=\"text-editor.default\">\n\t\t\t\t<div class=\"elementor-widget-container\">\n\t\t\t\t\t\t\t\t\t<h3 data-start=\"123\" data-end=\"172\"><strong data-start=\"130\" data-end=\"172\">Servicio de Redes y Telecomunicaciones<\/strong><\/h3><p data-start=\"174\" data-end=\"452\">Ofrecemos soluciones integrales en comunicaci\u00f3n y conectividad para tu empresa. Contamos con personal altamente calificado para dise\u00f1ar, implementar y certificar instalaciones de redes estructuradas, cableado en cobre y fibra \u00f3ptica, as\u00ed como sistemas el\u00e9ctricos especializados.<\/p><p data-start=\"454\" data-end=\"697\">La experiencia de nuestro equipo en redes, telecomunicaciones, instalaciones y consultor\u00eda t\u00e9cnica nos permite trabajar de forma conjunta con cada cliente, analizando sus necesidades y brindando soluciones personalizadas, seguras y eficientes.<\/p><ul class=\"elementor-icon-list-items\"><li class=\"elementor-icon-list-item\"><i class=\"fas fa-check\" aria-hidden=\"true\"><\/i><span class=\"elementor-icon-list-text\">Suministro e Instalaciones de Fibra \u00d3ptica.<\/span><\/li><li class=\"elementor-icon-list-item\"><i class=\"fas fa-check\" aria-hidden=\"true\"><\/i><span class=\"elementor-icon-list-text\">Suministro e Instalaciones de Cableado Ethernet.<\/span><\/li><li class=\"elementor-icon-list-item\"><i class=\"fas fa-check\" aria-hidden=\"true\"><\/i><span class=\"elementor-icon-list-text\">Suministro e Instalaciones de Centrales VOIP.<\/span><\/li><li class=\"elementor-icon-list-item\"><i class=\"fas fa-check\" aria-hidden=\"true\"><\/i><span class=\"elementor-icon-list-text\">Suministro e Instalaciones de Infraestructuras WIFI.<\/span><\/li><li class=\"elementor-icon-list-item\"><i class=\"fas fa-check\" aria-hidden=\"true\"><\/i><span class=\"elementor-icon-list-text\">Suministro e Instalaciones de Sistemas CCTV.<\/span><\/li><li class=\"elementor-icon-list-item\"><i class=\"fas fa-check\" aria-hidden=\"true\"><\/i><span class=\"elementor-icon-list-text\">Suministro e Instalaciones de Controles de Acceso Biom\u00e9tricos.<\/span><\/li><li class=\"elementor-icon-list-item\"><i class=\"fas fa-check\" aria-hidden=\"true\"><\/i><span class=\"elementor-icon-list-text\">Suministro e Instalaciones de Seguridad Perimetral.<\/span><\/li><\/ul>\t\t\t\t\t\t\t\t<\/div>\n\t\t\t\t<\/div>\n\t\t\t\t<\/div>\n\t\t\t\t\t<\/div>\n\t\t\t\t<\/div>\n\t\t<div class=\"elementor-element elementor-element-dbd57f3 e-grid e-con-boxed e-con e-parent\" data-id=\"dbd57f3\" data-element_type=\"container\" data-e-type=\"container\">\n\t\t\t\t\t<div class=\"e-con-inner\">\n\t\t<div class=\"elementor-element elementor-element-6c0500c e-con-full e-flex e-con e-child\" data-id=\"6c0500c\" data-element_type=\"container\" data-e-type=\"container\">\n\t\t\t\t<div class=\"elementor-element elementor-element-e0aea2b elementor-widget elementor-widget-text-editor\" data-id=\"e0aea2b\" data-element_type=\"widget\" data-e-type=\"widget\" data-widget_type=\"text-editor.default\">\n\t\t\t\t<div class=\"elementor-widget-container\">\n\t\t\t\t\t\t\t\t\t<h2>Soporte &amp; Asistencia TI<\/h2><p>Asistencia inform\u00e1tica para empresas de forma remota y presencial. Mantenga su negocio funcionando y operando siempre.<\/p>\t\t\t\t\t\t\t\t<\/div>\n\t\t\t\t<\/div>\n\t\t<div class=\"elementor-element elementor-element-d45e810 e-grid e-con-full e-con e-child\" data-id=\"d45e810\" data-element_type=\"container\" data-e-type=\"container\">\n\t\t<div class=\"elementor-element elementor-element-26861dc e-con-full card e-flex e-con e-child\" data-id=\"26861dc\" data-element_type=\"container\" data-e-type=\"container\">\n\t\t\t\t<div class=\"elementor-element elementor-element-9f24242 elementor-widget elementor-widget-image\" data-id=\"9f24242\" data-element_type=\"widget\" data-e-type=\"widget\" data-widget_type=\"image.default\">\n\t\t\t\t<div class=\"elementor-widget-container\">\n\t\t\t\t\t\t\t\t\t\t\t\t\t\t\t<img decoding=\"async\" width=\"128\" height=\"128\" src=\"https:\/\/innovabolivia.com\/wp-content\/uploads\/2025\/06\/usuario.png\" class=\"attachment-large size-large wp-image-8537\" alt=\"\" srcset=\"https:\/\/innovabolivia.com\/wp-content\/uploads\/2025\/06\/usuario.png 128w, https:\/\/innovabolivia.com\/wp-content\/uploads\/2025\/06\/usuario-46x46.png 46w, https:\/\/innovabolivia.com\/wp-content\/uploads\/2025\/06\/usuario-100x100.png 100w, https:\/\/innovabolivia.com\/wp-content\/uploads\/2025\/06\/usuario-54x54.png 54w, https:\/\/innovabolivia.com\/wp-content\/uploads\/2025\/06\/usuario-80x80.png 80w\" sizes=\"(max-width: 128px) 100vw, 128px\" \/>\t\t\t\t\t\t\t\t\t\t\t\t\t\t\t<\/div>\n\t\t\t\t<\/div>\n\t\t\t\t<div class=\"elementor-element elementor-element-0b73d41 elementor-widget elementor-widget-text-editor\" data-id=\"0b73d41\" data-element_type=\"widget\" data-e-type=\"widget\" data-widget_type=\"text-editor.default\">\n\t\t\t\t<div class=\"elementor-widget-container\">\n\t\t\t\t\t\t\t\t\t<h2>Expertos en Soluciones TI<\/h2><p class=\"text\">Contamos con un equipo altamente capacitado en redes, telecomunicaciones, cableado estructurado, configuraci\u00f3n de servidores y soporte t\u00e9cnico. Te brindamos asesor\u00eda y ejecuci\u00f3n profesional para cada necesidad tecnol\u00f3gica.<\/p>\t\t\t\t\t\t\t\t<\/div>\n\t\t\t\t<\/div>\n\t\t\t\t<\/div>\n\t\t<div class=\"elementor-element elementor-element-309daeb e-con-full card e-flex e-con e-child\" data-id=\"309daeb\" data-element_type=\"container\" data-e-type=\"container\">\n\t\t\t\t<div class=\"elementor-element elementor-element-fea4370 elementor-widget elementor-widget-image\" data-id=\"fea4370\" data-element_type=\"widget\" data-e-type=\"widget\" data-widget_type=\"image.default\">\n\t\t\t\t<div class=\"elementor-widget-container\">\n\t\t\t\t\t\t\t\t\t\t\t\t\t\t\t<img decoding=\"async\" width=\"128\" height=\"128\" src=\"https:\/\/innovabolivia.com\/wp-content\/uploads\/2025\/06\/productividad.png\" class=\"attachment-large size-large wp-image-8535\" alt=\"\" srcset=\"https:\/\/innovabolivia.com\/wp-content\/uploads\/2025\/06\/productividad.png 128w, https:\/\/innovabolivia.com\/wp-content\/uploads\/2025\/06\/productividad-46x46.png 46w, https:\/\/innovabolivia.com\/wp-content\/uploads\/2025\/06\/productividad-100x100.png 100w, https:\/\/innovabolivia.com\/wp-content\/uploads\/2025\/06\/productividad-54x54.png 54w, https:\/\/innovabolivia.com\/wp-content\/uploads\/2025\/06\/productividad-80x80.png 80w\" sizes=\"(max-width: 128px) 100vw, 128px\" \/>\t\t\t\t\t\t\t\t\t\t\t\t\t\t\t<\/div>\n\t\t\t\t<\/div>\n\t\t\t\t<div class=\"elementor-element elementor-element-d2e2b32 elementor-widget elementor-widget-text-editor\" data-id=\"d2e2b32\" data-element_type=\"widget\" data-e-type=\"widget\" data-widget_type=\"text-editor.default\">\n\t\t\t\t<div class=\"elementor-widget-container\">\n\t\t\t\t\t\t\t\t\t<h2>Soluciones Eficientes<\/h2><p class=\"desc\">Desplegamos redes eficientes, robustas y modernas, nos alineamos con las mejores pr\u00e1cticas de la industria para incrementar la productividad de los clientes.<\/p>\t\t\t\t\t\t\t\t<\/div>\n\t\t\t\t<\/div>\n\t\t\t\t<\/div>\n\t\t<div class=\"elementor-element elementor-element-9247ab6 e-con-full card e-flex e-con e-child\" data-id=\"9247ab6\" data-element_type=\"container\" data-e-type=\"container\">\n\t\t\t\t<div class=\"elementor-element elementor-element-c60cd35 elementor-widget elementor-widget-image\" data-id=\"c60cd35\" data-element_type=\"widget\" data-e-type=\"widget\" data-widget_type=\"image.default\">\n\t\t\t\t<div class=\"elementor-widget-container\">\n\t\t\t\t\t\t\t\t\t\t\t\t\t\t\t<img loading=\"lazy\" decoding=\"async\" width=\"128\" height=\"128\" src=\"https:\/\/innovabolivia.com\/wp-content\/uploads\/2025\/06\/solucion-de-negocio.png\" class=\"attachment-large size-large wp-image-8538\" alt=\"\" srcset=\"https:\/\/innovabolivia.com\/wp-content\/uploads\/2025\/06\/solucion-de-negocio.png 128w, https:\/\/innovabolivia.com\/wp-content\/uploads\/2025\/06\/solucion-de-negocio-46x46.png 46w, https:\/\/innovabolivia.com\/wp-content\/uploads\/2025\/06\/solucion-de-negocio-100x100.png 100w, https:\/\/innovabolivia.com\/wp-content\/uploads\/2025\/06\/solucion-de-negocio-54x54.png 54w, https:\/\/innovabolivia.com\/wp-content\/uploads\/2025\/06\/solucion-de-negocio-80x80.png 80w\" sizes=\"(max-width: 128px) 100vw, 128px\" \/>\t\t\t\t\t\t\t\t\t\t\t\t\t\t\t<\/div>\n\t\t\t\t<\/div>\n\t\t\t\t<div class=\"elementor-element elementor-element-9a70812 elementor-widget elementor-widget-text-editor\" data-id=\"9a70812\" data-element_type=\"widget\" data-e-type=\"widget\" data-widget_type=\"text-editor.default\">\n\t\t\t\t<div class=\"elementor-widget-container\">\n\t\t\t\t\t\t\t\t\t<h2>Tecnolog\u00eda que Conecta<\/h2><p>Integramos sistemas de red, comunicaci\u00f3n y seguridad inform\u00e1tica. Desde la planificaci\u00f3n hasta la instalaci\u00f3n y mantenimiento, trabajamos contigo para que tu empresa est\u00e9 siempre conectada y protegida.<\/p>\t\t\t\t\t\t\t\t<\/div>\n\t\t\t\t<\/div>\n\t\t\t\t<\/div>\n\t\t<div class=\"elementor-element elementor-element-2d4d848 e-con-full card e-flex e-con e-child\" data-id=\"2d4d848\" data-element_type=\"container\" data-e-type=\"container\">\n\t\t\t\t<div class=\"elementor-element elementor-element-867b53a elementor-widget elementor-widget-image\" data-id=\"867b53a\" data-element_type=\"widget\" data-e-type=\"widget\" data-widget_type=\"image.default\">\n\t\t\t\t<div class=\"elementor-widget-container\">\n\t\t\t\t\t\t\t\t\t\t\t\t\t\t\t<img loading=\"lazy\" decoding=\"async\" width=\"128\" height=\"128\" src=\"https:\/\/innovabolivia.com\/wp-content\/uploads\/2025\/06\/llamada-de-emergencia.png\" class=\"attachment-large size-large wp-image-8536\" alt=\"\" srcset=\"https:\/\/innovabolivia.com\/wp-content\/uploads\/2025\/06\/llamada-de-emergencia.png 128w, https:\/\/innovabolivia.com\/wp-content\/uploads\/2025\/06\/llamada-de-emergencia-46x46.png 46w, https:\/\/innovabolivia.com\/wp-content\/uploads\/2025\/06\/llamada-de-emergencia-100x100.png 100w, https:\/\/innovabolivia.com\/wp-content\/uploads\/2025\/06\/llamada-de-emergencia-54x54.png 54w, https:\/\/innovabolivia.com\/wp-content\/uploads\/2025\/06\/llamada-de-emergencia-80x80.png 80w, https:\/\/innovabolivia.com\/wp-content\/uploads\/2025\/06\/elementor\/thumbs\/llamada-de-emergencia-r6thvji520rbdj2etp60s42gk61nnhktjirmb0wccs.png 78w, https:\/\/innovabolivia.com\/wp-content\/uploads\/2025\/06\/elementor\/thumbs\/llamada-de-emergencia-r6thvji4vvq7r0bot1ughgmotc988n4mbgxan88by8.png 64w\" sizes=\"(max-width: 128px) 100vw, 128px\" \/>\t\t\t\t\t\t\t\t\t\t\t\t\t\t\t<\/div>\n\t\t\t\t<\/div>\n\t\t\t\t<div class=\"elementor-element elementor-element-9bf4201 elementor-widget elementor-widget-text-editor\" data-id=\"9bf4201\" data-element_type=\"widget\" data-e-type=\"widget\" data-widget_type=\"text-editor.default\">\n\t\t\t\t<div class=\"elementor-widget-container\">\n\t\t\t\t\t\t\t\t\t<h2>Asistencia T\u00e9cnica 24\/7<\/h2><p>Sabemos que los problemas no avisan. Por eso, ofrecemos soporte remoto y presencial los 7 d\u00edas de la semana, las 24 horas, para asegurar el funcionamiento continuo de tu infraestructura tecnol\u00f3gica.<\/p>\t\t\t\t\t\t\t\t<\/div>\n\t\t\t\t<\/div>\n\t\t\t\t<\/div>\n\t\t\t\t<\/div>\n\t\t\t\t<\/div>\n\t\t\t\t\t<\/div>\n\t\t\t\t<\/div>\n\t\t\t\t<\/div>\n\t\t","protected":false},"excerpt":{"rendered":"<p>Transmisi\u00f3n de Datos y Cableado Estructurado Enlaces por Fibra \u00d3ptica Dedicados tipo Punto a Punto &#8211; Punto Multipunto M\u00e1s informaci\u00f3n Servicio de Redes y Telecomunicaciones Ofrecemos soluciones integrales en comunicaci\u00f3n y conectividad para tu empresa. Contamos con personal altamente calificado para dise\u00f1ar, implementar y certificar instalaciones de redes estructuradas, cableado en cobre y fibra \u00f3ptica, [&hellip;]<\/p>\n","protected":false},"author":1,"featured_media":0,"parent":0,"menu_order":0,"comment_status":"closed","ping_status":"closed","template":"","meta":{"footnotes":""},"class_list":["post-7949","page","type-page","status-publish","hentry"],"_links":{"self":[{"href":"https:\/\/innovabolivia.com\/index.php\/wp-json\/wp\/v2\/pages\/7949","targetHints":{"allow":["GET"]}}],"collection":[{"href":"https:\/\/innovabolivia.com\/index.php\/wp-json\/wp\/v2\/pages"}],"about":[{"href":"https:\/\/innovabolivia.com\/index.php\/wp-json\/wp\/v2\/types\/page"}],"author":[{"embeddable":true,"href":"https:\/\/innovabolivia.com\/index.php\/wp-json\/wp\/v2\/users\/1"}],"replies":[{"embeddable":true,"href":"https:\/\/innovabolivia.com\/index.php\/wp-json\/wp\/v2\/comments?post=7949"}],"version-history":[{"count":40,"href":"https:\/\/innovabolivia.com\/index.php\/wp-json\/wp\/v2\/pages\/7949\/revisions"}],"predecessor-version":[{"id":8559,"href":"https:\/\/innovabolivia.com\/index.php\/wp-json\/wp\/v2\/pages\/7949\/revisions\/8559"}],"wp:attachment":[{"href":"https:\/\/innovabolivia.com\/index.php\/wp-json\/wp\/v2\/media?parent=7949"}],"curies":[{"name":"wp","href":"https:\/\/api.w.org\/{rel}","templated":true}]}}