{"id":7712,"date":"2024-05-27T01:38:01","date_gmt":"2024-05-26T23:38:01","guid":{"rendered":"https:\/\/innovabolivia.com\/?post_type=product&#038;p=7712"},"modified":"2025-07-30T21:08:16","modified_gmt":"2025-07-31T01:08:16","slug":"g3","status":"publish","type":"product","link":"https:\/\/innovabolivia.com\/index.php\/producto\/g3\/","title":{"rendered":"G3"},"content":{"rendered":"<p>G3 es una terminal de identificaci\u00f3n multi-biom\u00e9trica que incorpora el revolucionario sensor de huella digital Z-ID, el cual, con el algoritmo 3D Neuron, es capaz de verificar huellas de manera r\u00e1pida y precisa a\u00fan con dedos secos, h\u00famedos o \u00e1speros. Usando tecnolog\u00eda IR, el dispositivo se activa autom\u00e1ticamente cuando la huella es detectada. Con el m\u00e1s reciente algoritmo facial, es posible realizar la detecci\u00f3n de rostros falsos.<\/p>\n","protected":false},"excerpt":{"rendered":"<div class=\"pro-h clear\">\n<div class=\"m-w-w e_box\">\n<div class=\"pro-txt m-l\">\n<h3>G3<\/h3>\n<p>Teminal Multi-Biom\u00e9trica para Gesti\u00f3n de Asistencia y Control de Acceso<\/p>\n<\/div>\n<div><\/div>\n<div class=\"pro-txt m-l\">\u2022 Moderna e Intuitiva Interfaz de Usuario.<\/div>\n<div class=\"pro-txt m-l\">\u2022 Revolucionario Sensor de Huella Z-ID<\/div>\n<div class=\"pro-txt m-l\">\u2022 M\u00faltiples M\u00e9todos de Veri\ufb01caci\u00f3n: Rostro \/ Huella \/ Tarjeta \/ Contrase\u00f1a.<\/div>\n<div class=\"pro-txt m-l\">\u2022 Excepcional Rendimiento con Dedos Secos, H\u00famedos y Asperos.<\/div>\n<div class=\"pro-txt m-l\">\u2022 Sencilla Gesti\u00f3n y Escalabilidad.<\/div>\n<\/div>\n<\/div>\n<p>&nbsp;<\/p>\n","protected":false},"featured_media":7713,"comment_status":"open","ping_status":"closed","template":"","meta":[],"product_brand":[],"product_cat":[75,89],"product_tag":[57,198],"class_list":{"0":"post-7712","1":"product","2":"type-product","3":"status-publish","4":"has-post-thumbnail","6":"product_cat-biometricos","7":"product_cat-control-de-acceso","8":"product_tag-acceso","9":"product_tag-zkteco","10":"ts_product_brand-zkteco","12":"first","13":"instock","14":"shipping-taxable","15":"purchasable","16":"product-type-simple"},"_links":{"self":[{"href":"https:\/\/innovabolivia.com\/index.php\/wp-json\/wp\/v2\/product\/7712","targetHints":{"allow":["GET"]}}],"collection":[{"href":"https:\/\/innovabolivia.com\/index.php\/wp-json\/wp\/v2\/product"}],"about":[{"href":"https:\/\/innovabolivia.com\/index.php\/wp-json\/wp\/v2\/types\/product"}],"replies":[{"embeddable":true,"href":"https:\/\/innovabolivia.com\/index.php\/wp-json\/wp\/v2\/comments?post=7712"}],"wp:featuredmedia":[{"embeddable":true,"href":"https:\/\/innovabolivia.com\/index.php\/wp-json\/wp\/v2\/media\/7713"}],"wp:attachment":[{"href":"https:\/\/innovabolivia.com\/index.php\/wp-json\/wp\/v2\/media?parent=7712"}],"wp:term":[{"taxonomy":"product_brand","embeddable":true,"href":"https:\/\/innovabolivia.com\/index.php\/wp-json\/wp\/v2\/product_brand?post=7712"},{"taxonomy":"product_cat","embeddable":true,"href":"https:\/\/innovabolivia.com\/index.php\/wp-json\/wp\/v2\/product_cat?post=7712"},{"taxonomy":"product_tag","embeddable":true,"href":"https:\/\/innovabolivia.com\/index.php\/wp-json\/wp\/v2\/product_tag?post=7712"}],"curies":[{"name":"wp","href":"https:\/\/api.w.org\/{rel}","templated":true}]}}