{"id":7789,"date":"2024-06-02T02:36:34","date_gmt":"2024-06-02T00:36:34","guid":{"rendered":"https:\/\/innovabolivia.com\/?post_type=product&#038;p=7789"},"modified":"2024-06-02T02:47:30","modified_gmt":"2024-06-02T00:47:30","slug":"k30-pro","status":"publish","type":"product","link":"https:\/\/innovabolivia.com\/index.php\/producto\/k30-pro\/","title":{"rendered":"K30 Pro"},"content":{"rendered":"<p>K30 Pro, con informes de autoservicio (SSR) almacenados en el terminal, es un terminal de tiempo y asistencia con pantalla TFT de 2,8 pulgadas y una funci\u00f3n de control de acceso simple. Dispone de interfaz para conexi\u00f3n con cerradura el\u00e9ctrica de terceros y bot\u00f3n de salida. La comunicaci\u00f3n TCP\/IP es una funci\u00f3n est\u00e1ndar que garantiza una transmisi\u00f3n de datos fluida entre el terminal y el PC en varios segundos. Y el host USB hace que la gesti\u00f3n de datos sea extremadamente sencilla. Lo m\u00e1s importante es que la bater\u00eda incorporada puede eliminar el problema de la falla de energ\u00eda. Con una apariencia elegante y una calidad confiable, puede obtener lo mejor de \u00e9l.<\/p>\n","protected":false},"excerpt":{"rendered":"<div class=\"pro-h clear\">\n<div class=\"m-w-w e_box\">\n<div class=\"pro-txt m-l\">\n<div class=\"pro-h clear\">\n<div class=\"m-w-w e_box\">\n<div class=\"pro-txt m-l\">\n<h3>K30 Pro<\/h3>\n<p>Terminal de Tiempo y Asistencia con Funciones de Control de Acceso<\/p>\n<\/div>\n<div class=\"pro-txt m-l\">\u2022 Multilenguaje<\/div>\n<div class=\"pro-txt m-l\">\u2022 Salida de Reportes por USB en Formato de Excel<\/div>\n<div class=\"pro-txt m-l\">\u2022 Control de acceso simple.<\/div>\n<div class=\"pro-txt m-l\">\u2022 Comunicaci\u00f3n TCP\/IP y USB Host.<\/div>\n<div class=\"pro-txt m-l\">\u2022 Bater\u00eda de respaldo incorporada.<\/div>\n<div class=\"pro-txt m-l\">\u2022 Alarma externa<\/div>\n<div class=\"pro-txt m-l\">\u2022 Dise\u00f1o Elegante y Moderno<\/div>\n<\/div>\n<\/div>\n<div class=\"pro-txt-w m-w-w e_box\"><\/div>\n<h3><\/h3>\n<\/div>\n<\/div>\n<\/div>\n","protected":false},"featured_media":7790,"comment_status":"open","ping_status":"closed","template":"","meta":[],"product_brand":[],"product_cat":[89,93],"product_tag":[57,198],"class_list":{"0":"post-7789","1":"product","2":"type-product","3":"status-publish","4":"has-post-thumbnail","6":"product_cat-control-de-acceso","7":"product_cat-control-de-asistencia","8":"product_tag-acceso","9":"product_tag-zkteco","10":"ts_product_brand-zkteco","12":"first","13":"instock","14":"sale","15":"shipping-taxable","16":"purchasable","17":"product-type-simple"},"_links":{"self":[{"href":"https:\/\/innovabolivia.com\/index.php\/wp-json\/wp\/v2\/product\/7789","targetHints":{"allow":["GET"]}}],"collection":[{"href":"https:\/\/innovabolivia.com\/index.php\/wp-json\/wp\/v2\/product"}],"about":[{"href":"https:\/\/innovabolivia.com\/index.php\/wp-json\/wp\/v2\/types\/product"}],"replies":[{"embeddable":true,"href":"https:\/\/innovabolivia.com\/index.php\/wp-json\/wp\/v2\/comments?post=7789"}],"wp:featuredmedia":[{"embeddable":true,"href":"https:\/\/innovabolivia.com\/index.php\/wp-json\/wp\/v2\/media\/7790"}],"wp:attachment":[{"href":"https:\/\/innovabolivia.com\/index.php\/wp-json\/wp\/v2\/media?parent=7789"}],"wp:term":[{"taxonomy":"product_brand","embeddable":true,"href":"https:\/\/innovabolivia.com\/index.php\/wp-json\/wp\/v2\/product_brand?post=7789"},{"taxonomy":"product_cat","embeddable":true,"href":"https:\/\/innovabolivia.com\/index.php\/wp-json\/wp\/v2\/product_cat?post=7789"},{"taxonomy":"product_tag","embeddable":true,"href":"https:\/\/innovabolivia.com\/index.php\/wp-json\/wp\/v2\/product_tag?post=7789"}],"curies":[{"name":"wp","href":"https:\/\/api.w.org\/{rel}","templated":true}]}}