{"id":7881,"date":"2024-12-30T15:14:39","date_gmt":"2024-12-30T19:14:39","guid":{"rendered":"https:\/\/innovabolivia.com\/?post_type=product&#038;p=7881"},"modified":"2026-02-10T09:06:25","modified_gmt":"2026-02-10T13:06:25","slug":"gxp1610","status":"publish","type":"product","link":"https:\/\/innovabolivia.com\/index.php\/producto\/gxp1610\/","title":{"rendered":"GXP1610"},"content":{"rendered":"<p>El GXP1610 es un tel\u00e9fono IP simple de usar para peque\u00f1as y medianas empresas<br \/>\n(PyMEs) y oficinas en casa. Este modelo basado en Linux ofrece una sola cuenta SIP, hasta 2 estados de<br \/>\nllamada y 3 teclas XML programables. Una pantalla LCD de 132 x 48 (2.95\u2019\u2019) crea una imagen clara para<br \/>\nuna f\u00e1cil visualizaci\u00f3n. Las funciones adicionales como puertos dobles conmutados de 10\/100 Mbps, PoE<br \/>\nintegrado en el modelo GXP1610P, soporte multilenguaje, soporte de Electronic Hook Switch para<br \/>\naud\u00edfonos Plantronics, llamada en espera y conferencia de 3 v\u00edas permiten al GXP1610 ser un tel\u00e9fono IP confiable, f\u00e1cil de usar y de alta calidad.<\/p>\n","protected":false},"excerpt":{"rendered":"<p>El GXP1610 es un tel\u00e9fono IP simple de usar para peque\u00f1as y medianas empresas (PyMEs) y oficinas en casa. Este modelo basado en Linux ofrece una sola cuenta SIP, hasta 2 estados de llamada y 3 teclas XML programables. Una pantalla LCD de 132 x 48 (2.95\u2019\u2019) crea una imagen clara para una f\u00e1cil visualizaci\u00f3n. [&hellip;]<\/p>\n","protected":false},"featured_media":7882,"comment_status":"open","ping_status":"closed","template":"","meta":[],"product_brand":[],"product_cat":[148],"product_tag":[],"class_list":{"0":"post-7881","1":"product","2":"type-product","3":"status-publish","4":"has-post-thumbnail","6":"product_cat-telefonia","7":"ts_product_brand-granstream","9":"first","10":"instock","11":"shipping-taxable","12":"product-type-simple"},"_links":{"self":[{"href":"https:\/\/innovabolivia.com\/index.php\/wp-json\/wp\/v2\/product\/7881","targetHints":{"allow":["GET"]}}],"collection":[{"href":"https:\/\/innovabolivia.com\/index.php\/wp-json\/wp\/v2\/product"}],"about":[{"href":"https:\/\/innovabolivia.com\/index.php\/wp-json\/wp\/v2\/types\/product"}],"replies":[{"embeddable":true,"href":"https:\/\/innovabolivia.com\/index.php\/wp-json\/wp\/v2\/comments?post=7881"}],"wp:featuredmedia":[{"embeddable":true,"href":"https:\/\/innovabolivia.com\/index.php\/wp-json\/wp\/v2\/media\/7882"}],"wp:attachment":[{"href":"https:\/\/innovabolivia.com\/index.php\/wp-json\/wp\/v2\/media?parent=7881"}],"wp:term":[{"taxonomy":"product_brand","embeddable":true,"href":"https:\/\/innovabolivia.com\/index.php\/wp-json\/wp\/v2\/product_brand?post=7881"},{"taxonomy":"product_cat","embeddable":true,"href":"https:\/\/innovabolivia.com\/index.php\/wp-json\/wp\/v2\/product_cat?post=7881"},{"taxonomy":"product_tag","embeddable":true,"href":"https:\/\/innovabolivia.com\/index.php\/wp-json\/wp\/v2\/product_tag?post=7881"}],"curies":[{"name":"wp","href":"https:\/\/api.w.org\/{rel}","templated":true}]}}