{"id":7887,"date":"2024-12-30T15:35:13","date_gmt":"2024-12-30T19:35:13","guid":{"rendered":"https:\/\/innovabolivia.com\/?post_type=product&#038;p=7887"},"modified":"2026-02-10T09:06:08","modified_gmt":"2026-02-10T13:06:08","slug":"gxp2160","status":"publish","type":"product","link":"https:\/\/innovabolivia.com\/index.php\/producto\/gxp2160\/","title":{"rendered":"GXP2160"},"content":{"rendered":"<p>El GXP2160 es un avanzado tel\u00e9fono SIP de categor\u00eda empresarial con 6 l\u00edneas, pantalla LCD color de 4.3\u201d (480 x 272),<br \/>\n5 teclas programables sensibles al contexto, 24 teclas programables de extensi\u00f3n BLF, doble puerto de red Gigabit,<br \/>\nPoE y Bluetooth integrados, conferencia de voz de 5 v\u00edas y Electronic Hook Switch (EHS). El GXP2160 ofrece calidad<br \/>\nde audio superior en el auricular y el altavoz, recursos telef\u00f3nicos valiosos y de \u00faltima generaci\u00f3n e informaci\u00f3n<br \/>\npersonalizada y servicio de aplicaci\u00f3n personalizable. El GXP2160 tambi\u00e9n permite el aprovisionamiento autom\u00e1tico<br \/>\npara f\u00e1cil instalaci\u00f3n, protecci\u00f3n de seguridad avanzada para mayor privacidad e interoperabilidad amplia con<br \/>\nla mayor\u00eda de los dispositivos SIP de terceros y las principales plataformas SIP\/NGN\/IMS. Ideal para peque\u00f1as y<br \/>\nmedianas empresas, el GXP2160 es un potente tel\u00e9fono IP con pantalla color para usuarios que manejan un gran<br \/>\nvolumen de llamadas y requieren acceso a recursos avanzados de comunicaci\u00f3n por voz.<\/p>\n","protected":false},"excerpt":{"rendered":"<p>El GXP2160 es un avanzado tel\u00e9fono SIP de categor\u00eda empresarial con 6 l\u00edneas, pantalla LCD color de 4.3\u201d (480 x 272), 5 teclas programables sensibles al contexto, 24 teclas programables de extensi\u00f3n BLF, doble puerto de red Gigabit, PoE y Bluetooth integrados, conferencia de voz de 5 v\u00edas y Electronic Hook Switch (EHS). El GXP2160 [&hellip;]<\/p>\n","protected":false},"featured_media":7888,"comment_status":"open","ping_status":"closed","template":"","meta":[],"product_brand":[],"product_cat":[148],"product_tag":[],"class_list":{"0":"post-7887","1":"product","2":"type-product","3":"status-publish","4":"has-post-thumbnail","6":"product_cat-telefonia","7":"ts_product_brand-granstream","9":"first","10":"instock","11":"shipping-taxable","12":"product-type-simple"},"_links":{"self":[{"href":"https:\/\/innovabolivia.com\/index.php\/wp-json\/wp\/v2\/product\/7887","targetHints":{"allow":["GET"]}}],"collection":[{"href":"https:\/\/innovabolivia.com\/index.php\/wp-json\/wp\/v2\/product"}],"about":[{"href":"https:\/\/innovabolivia.com\/index.php\/wp-json\/wp\/v2\/types\/product"}],"replies":[{"embeddable":true,"href":"https:\/\/innovabolivia.com\/index.php\/wp-json\/wp\/v2\/comments?post=7887"}],"wp:featuredmedia":[{"embeddable":true,"href":"https:\/\/innovabolivia.com\/index.php\/wp-json\/wp\/v2\/media\/7888"}],"wp:attachment":[{"href":"https:\/\/innovabolivia.com\/index.php\/wp-json\/wp\/v2\/media?parent=7887"}],"wp:term":[{"taxonomy":"product_brand","embeddable":true,"href":"https:\/\/innovabolivia.com\/index.php\/wp-json\/wp\/v2\/product_brand?post=7887"},{"taxonomy":"product_cat","embeddable":true,"href":"https:\/\/innovabolivia.com\/index.php\/wp-json\/wp\/v2\/product_cat?post=7887"},{"taxonomy":"product_tag","embeddable":true,"href":"https:\/\/innovabolivia.com\/index.php\/wp-json\/wp\/v2\/product_tag?post=7887"}],"curies":[{"name":"wp","href":"https:\/\/api.w.org\/{rel}","templated":true}]}}