{"id":7895,"date":"2024-12-30T15:58:09","date_gmt":"2024-12-30T19:58:09","guid":{"rendered":"https:\/\/innovabolivia.com\/?post_type=product&#038;p=7895"},"modified":"2026-02-10T09:06:07","modified_gmt":"2026-02-10T13:06:07","slug":"gxp2130","status":"publish","type":"product","link":"https:\/\/innovabolivia.com\/index.php\/producto\/gxp2130\/","title":{"rendered":"GXP2130"},"content":{"rendered":"<p>El GXP2130 es un avanzado tel\u00e9fono IP de categor\u00eda empresarial con hasta 3 l\u00edneas, TFT LCD color de 2,8\u201d, 4 teclas<br \/>\nXML programables sensibles al contexto, 8 teclas de extensi\u00f3n BLF programables, doble puerto de red Gigabit, PoE<br \/>\ny Bluetooth integrados, conferencia de voz de 4 v\u00edas y Electronic Hook Switch (EHS). El GXP2130 ofrece calidad<br \/>\nde audio superior en el auricular y el altavoz, recursos telef\u00f3nicos valiosos y de \u00faltima generaci\u00f3n, informaci\u00f3n<br \/>\npersonalizada y servicio de aplicaci\u00f3n personalizable, aprovisionamiento autom\u00e1tico para f\u00e1cil instalaci\u00f3n, protecci\u00f3n<br \/>\nde seguridad avanzada para mayor privacidad e interoperabilidad amplia con la mayor\u00eda de los dispositivos SIP de<br \/>\nterceros y las principales plataformas SIP\/NGN\/IMS. Ideal para peque\u00f1as y medianas empresas, grandes negocios,<br \/>\noficinas peque\u00f1as y home offices, el GXP2130 es la elecci\u00f3n perfecta para usuarios que buscan un tel\u00e9fono IP de<br \/>\nalta calidad, con variedad de recursos, funcionalidades avanzadas y sencillo de usar<\/p>\n","protected":false},"excerpt":{"rendered":"<p>El GXP2130 es un avanzado tel\u00e9fono IP de categor\u00eda empresarial con hasta 3 l\u00edneas, TFT LCD color de 2,8\u201d, 4 teclas XML programables sensibles al contexto, 8 teclas de extensi\u00f3n BLF programables, doble puerto de red Gigabit, PoE y Bluetooth integrados, conferencia de voz de 4 v\u00edas y Electronic Hook Switch (EHS). El GXP2130 ofrece [&hellip;]<\/p>\n","protected":false},"featured_media":7896,"comment_status":"open","ping_status":"closed","template":"","meta":[],"product_brand":[],"product_cat":[148],"product_tag":[],"class_list":{"0":"post-7895","1":"product","2":"type-product","3":"status-publish","4":"has-post-thumbnail","6":"product_cat-telefonia","7":"ts_product_brand-granstream","9":"first","10":"instock","11":"shipping-taxable","12":"product-type-simple"},"_links":{"self":[{"href":"https:\/\/innovabolivia.com\/index.php\/wp-json\/wp\/v2\/product\/7895","targetHints":{"allow":["GET"]}}],"collection":[{"href":"https:\/\/innovabolivia.com\/index.php\/wp-json\/wp\/v2\/product"}],"about":[{"href":"https:\/\/innovabolivia.com\/index.php\/wp-json\/wp\/v2\/types\/product"}],"replies":[{"embeddable":true,"href":"https:\/\/innovabolivia.com\/index.php\/wp-json\/wp\/v2\/comments?post=7895"}],"wp:featuredmedia":[{"embeddable":true,"href":"https:\/\/innovabolivia.com\/index.php\/wp-json\/wp\/v2\/media\/7896"}],"wp:attachment":[{"href":"https:\/\/innovabolivia.com\/index.php\/wp-json\/wp\/v2\/media?parent=7895"}],"wp:term":[{"taxonomy":"product_brand","embeddable":true,"href":"https:\/\/innovabolivia.com\/index.php\/wp-json\/wp\/v2\/product_brand?post=7895"},{"taxonomy":"product_cat","embeddable":true,"href":"https:\/\/innovabolivia.com\/index.php\/wp-json\/wp\/v2\/product_cat?post=7895"},{"taxonomy":"product_tag","embeddable":true,"href":"https:\/\/innovabolivia.com\/index.php\/wp-json\/wp\/v2\/product_tag?post=7895"}],"curies":[{"name":"wp","href":"https:\/\/api.w.org\/{rel}","templated":true}]}}