{"id":7903,"date":"2024-12-30T16:09:38","date_gmt":"2024-12-30T20:09:38","guid":{"rendered":"https:\/\/innovabolivia.com\/?post_type=product&#038;p=7903"},"modified":"2026-02-10T09:06:08","modified_gmt":"2026-02-10T13:06:08","slug":"gxp2170","status":"publish","type":"product","link":"https:\/\/innovabolivia.com\/index.php\/producto\/gxp2170\/","title":{"rendered":"GXP2170"},"content":{"rendered":"<p>El GXP2170 es un poderoso tel\u00e9fono IP de nivel empresarial ideal para los usuarios ocupados que manejan altos<br \/>\nvol\u00famenes de llamadas. Este tel\u00e9fono IP empresarial de la gama alta cuenta con hasta 12 teclas de l\u00ednea\/apariciones<br \/>\nde l\u00ednea y 6 cuentas de SIP utilizando LCD de pantalla a color de 4.3 pulgadas (480 x 272) y audio Full HD. El GXP2170<br \/>\nsoporta las velocidades de conexi\u00f3n m\u00e1s r\u00e1pidas posibles con puertos de red duales de Gigabit. Cuenta con PoE<br \/>\nintegrado y Bluetooth incorporado para la sincronizaci\u00f3n con dispositivos m\u00f3viles y auriculares Bluetooth, as\u00ed como la<br \/>\ncapacidad de conectar\/alimentar hasta 4 m\u00f3dulos de extensi\u00f3n en cascada con pantalla LCD para acceder marcaci\u00f3n<br \/>\nr\u00e1pida\/contacto BLF de hasta 160. El GXP2170 tambi\u00e9n cuenta con hasta 48 teclas digitales, de marcaci\u00f3n r\u00e1pida\/BLF en<br \/>\nla pantalla. El GXP2170 es la elecci\u00f3n perfecta para los usuarios empresariales que buscan un tel\u00e9fono IP ejecutivo de<br \/>\nprimer nivel con funcionalidad y rendimiento avanzado.<\/p>\n","protected":false},"excerpt":{"rendered":"<p>El GXP2170 es un poderoso tel\u00e9fono IP de nivel empresarial ideal para los usuarios ocupados que manejan altos vol\u00famenes de llamadas. Este tel\u00e9fono IP empresarial de la gama alta cuenta con hasta 12 teclas de l\u00ednea\/apariciones de l\u00ednea y 6 cuentas de SIP utilizando LCD de pantalla a color de 4.3 pulgadas (480 x 272) [&hellip;]<\/p>\n","protected":false},"featured_media":7904,"comment_status":"open","ping_status":"closed","template":"","meta":[],"product_brand":[],"product_cat":[86],"product_tag":[],"class_list":{"0":"post-7903","1":"product","2":"type-product","3":"status-publish","4":"has-post-thumbnail","6":"product_cat-telefonia-ip","8":"first","9":"instock","10":"shipping-taxable","11":"product-type-simple"},"_links":{"self":[{"href":"https:\/\/innovabolivia.com\/index.php\/wp-json\/wp\/v2\/product\/7903","targetHints":{"allow":["GET"]}}],"collection":[{"href":"https:\/\/innovabolivia.com\/index.php\/wp-json\/wp\/v2\/product"}],"about":[{"href":"https:\/\/innovabolivia.com\/index.php\/wp-json\/wp\/v2\/types\/product"}],"replies":[{"embeddable":true,"href":"https:\/\/innovabolivia.com\/index.php\/wp-json\/wp\/v2\/comments?post=7903"}],"wp:featuredmedia":[{"embeddable":true,"href":"https:\/\/innovabolivia.com\/index.php\/wp-json\/wp\/v2\/media\/7904"}],"wp:attachment":[{"href":"https:\/\/innovabolivia.com\/index.php\/wp-json\/wp\/v2\/media?parent=7903"}],"wp:term":[{"taxonomy":"product_brand","embeddable":true,"href":"https:\/\/innovabolivia.com\/index.php\/wp-json\/wp\/v2\/product_brand?post=7903"},{"taxonomy":"product_cat","embeddable":true,"href":"https:\/\/innovabolivia.com\/index.php\/wp-json\/wp\/v2\/product_cat?post=7903"},{"taxonomy":"product_tag","embeddable":true,"href":"https:\/\/innovabolivia.com\/index.php\/wp-json\/wp\/v2\/product_tag?post=7903"}],"curies":[{"name":"wp","href":"https:\/\/api.w.org\/{rel}","templated":true}]}}