{"id":7912,"date":"2024-12-30T16:22:33","date_gmt":"2024-12-30T20:22:33","guid":{"rendered":"https:\/\/innovabolivia.com\/?post_type=product&#038;p=7912"},"modified":"2026-02-10T09:06:25","modified_gmt":"2026-02-10T13:06:25","slug":"grp2603p","status":"publish","type":"product","link":"https:\/\/innovabolivia.com\/index.php\/producto\/grp2603p\/","title":{"rendered":"GRP2603P"},"content":{"rendered":"<p>El GRP2603 cuenta con conferencias de voz de 5 v\u00edas para maximizar la productividad, PoE integrado (GRP2603P) y es compatible con el Sistema de Gesti\u00f3n de Dispositivos Grandstream-s (GDMS).<\/p>\n<ul>\n<li>3 l\u00edneas, 6 cuentas SIP, hasta 3 apariciones de llamadas<\/li>\n<li>Soportado por GDMS que proporciona una interfaz centralizada para configurar, proporcionar, administrar y monitorear dispositivos Grandstream<\/li>\n<li>Apoyo de interruptn electr\u00f3nico para los auriculares de Plantronics, Jabra y Sennheiser<\/li>\n<li>Altablo de altavoz totalmente d\u00faplex con audio HD para maximizar la calidad de audio y la claridad<\/li>\n<li>Equipado con tecnolog\u00eda de escudo de ruido para minimizar el ruido de fondo<\/li>\n<li>Autosensing concambiado dual 10\/100\/1000 Mbps puertos de Ethernet Gigabit con PoE integrado (s\u00f3loGRP2603P)<\/li>\n<li>Soporta audioconferencias de 5 v\u00edas para llamadas de conferencia f\u00e1ciles<\/li>\n<li>Protecci\u00f3n a nivel empresarial, incluyendo arranque seguro, im\u00e1genes de doble firmware y almacenamiento de datos cifrados<\/li>\n<li>Placa facial deslizable para permitir una f\u00e1cil personalizaci\u00f3n del logotipo<\/li>\n<\/ul>\n","protected":false},"excerpt":{"rendered":"<p>El GRP2603 cuenta con conferencias de voz de 5 v\u00edas para maximizar la productividad, PoE integrado (GRP2603P) y es compatible con el Sistema de Gesti\u00f3n de Dispositivos Grandstream-s (GDMS). 3 l\u00edneas, 6 cuentas SIP, hasta 3 apariciones de llamadas Soportado por GDMS que proporciona una interfaz centralizada para configurar, proporcionar, administrar y monitorear dispositivos Grandstream [&hellip;]<\/p>\n","protected":false},"featured_media":7913,"comment_status":"open","ping_status":"closed","template":"","meta":[],"product_brand":[],"product_cat":[148],"product_tag":[],"class_list":{"0":"post-7912","1":"product","2":"type-product","3":"status-publish","4":"has-post-thumbnail","6":"product_cat-telefonia","7":"ts_product_brand-granstream","9":"first","10":"instock","11":"shipping-taxable","12":"product-type-simple"},"_links":{"self":[{"href":"https:\/\/innovabolivia.com\/index.php\/wp-json\/wp\/v2\/product\/7912","targetHints":{"allow":["GET"]}}],"collection":[{"href":"https:\/\/innovabolivia.com\/index.php\/wp-json\/wp\/v2\/product"}],"about":[{"href":"https:\/\/innovabolivia.com\/index.php\/wp-json\/wp\/v2\/types\/product"}],"replies":[{"embeddable":true,"href":"https:\/\/innovabolivia.com\/index.php\/wp-json\/wp\/v2\/comments?post=7912"}],"wp:featuredmedia":[{"embeddable":true,"href":"https:\/\/innovabolivia.com\/index.php\/wp-json\/wp\/v2\/media\/7913"}],"wp:attachment":[{"href":"https:\/\/innovabolivia.com\/index.php\/wp-json\/wp\/v2\/media?parent=7912"}],"wp:term":[{"taxonomy":"product_brand","embeddable":true,"href":"https:\/\/innovabolivia.com\/index.php\/wp-json\/wp\/v2\/product_brand?post=7912"},{"taxonomy":"product_cat","embeddable":true,"href":"https:\/\/innovabolivia.com\/index.php\/wp-json\/wp\/v2\/product_cat?post=7912"},{"taxonomy":"product_tag","embeddable":true,"href":"https:\/\/innovabolivia.com\/index.php\/wp-json\/wp\/v2\/product_tag?post=7912"}],"curies":[{"name":"wp","href":"https:\/\/api.w.org\/{rel}","templated":true}]}}