{"id":9045,"date":"2025-12-22T10:05:19","date_gmt":"2025-12-22T14:05:19","guid":{"rendered":"https:\/\/innovabolivia.com\/?post_type=product&#038;p=9045"},"modified":"2025-12-22T10:16:41","modified_gmt":"2025-12-22T14:16:41","slug":"camara-hdcvi-cooper-domo-2mp-plastica","status":"publish","type":"product","link":"https:\/\/innovabolivia.com\/index.php\/producto\/camara-hdcvi-cooper-domo-2mp-plastica\/","title":{"rendered":"CAMARA HDCVI COOPER DOMO 2MP PLASTICA"},"content":{"rendered":"<p>Es una soluci\u00f3n de videovigilancia b\u00e1sica pero efectiva, perfecta para quienes buscan calidad HD y f\u00e1cil instalaci\u00f3n (usando cable coaxial o UTP) sin grandes inversiones, con un dise\u00f1o discreto tipo domo y visi\u00f3n nocturna.<\/p>\n","protected":false},"excerpt":{"rendered":"<div class=\"pro-h clear\">\n<div class=\"m-w-w e_box\">\n<div class=\"pro-txt m-l\">\n<h3><strong class=\"Yjhzub\" data-processed=\"true\">C\u00e1mara HDCVI Cooper Domo 2MP Pl\u00e1stica<\/strong><\/h3>\n<\/div>\n<\/div>\n<\/div>\n<div class=\"pro-txt-w m-w-w e_box\">\n<p class=\"Y3BBE\" data-hveid=\"CAEQAA\" data-processed=\"true\">CAMARA HDCVI COOPER DOMO 2MP PLASTICA *IR25 MTS *LENTE 2.8MM *MAX. 30 FPS@1080P *CVI\/CVBS\/AHD\/TVI *BLC, DWDR, 2D NR<\/p>\n<\/div>\n","protected":false},"featured_media":9047,"comment_status":"open","ping_status":"closed","template":"","meta":[],"product_brand":[],"product_cat":[150],"product_tag":[202,54],"class_list":{"0":"post-9045","1":"product","2":"type-product","3":"status-publish","4":"has-post-thumbnail","6":"product_cat-camaras-analogicas-videovigilancia","7":"product_tag-analogicas","8":"product_tag-camaras","9":"ts_product_brand-dahua","11":"first","12":"instock","13":"sale","14":"shipping-taxable","15":"purchasable","16":"product-type-simple"},"_links":{"self":[{"href":"https:\/\/innovabolivia.com\/index.php\/wp-json\/wp\/v2\/product\/9045","targetHints":{"allow":["GET"]}}],"collection":[{"href":"https:\/\/innovabolivia.com\/index.php\/wp-json\/wp\/v2\/product"}],"about":[{"href":"https:\/\/innovabolivia.com\/index.php\/wp-json\/wp\/v2\/types\/product"}],"replies":[{"embeddable":true,"href":"https:\/\/innovabolivia.com\/index.php\/wp-json\/wp\/v2\/comments?post=9045"}],"wp:featuredmedia":[{"embeddable":true,"href":"https:\/\/innovabolivia.com\/index.php\/wp-json\/wp\/v2\/media\/9047"}],"wp:attachment":[{"href":"https:\/\/innovabolivia.com\/index.php\/wp-json\/wp\/v2\/media?parent=9045"}],"wp:term":[{"taxonomy":"product_brand","embeddable":true,"href":"https:\/\/innovabolivia.com\/index.php\/wp-json\/wp\/v2\/product_brand?post=9045"},{"taxonomy":"product_cat","embeddable":true,"href":"https:\/\/innovabolivia.com\/index.php\/wp-json\/wp\/v2\/product_cat?post=9045"},{"taxonomy":"product_tag","embeddable":true,"href":"https:\/\/innovabolivia.com\/index.php\/wp-json\/wp\/v2\/product_tag?post=9045"}],"curies":[{"name":"wp","href":"https:\/\/api.w.org\/{rel}","templated":true}]}}