{"id":9076,"date":"2025-12-25T21:10:36","date_gmt":"2025-12-26T01:10:36","guid":{"rendered":"https:\/\/innovabolivia.com\/?post_type=product&#038;p=9076"},"modified":"2025-12-25T21:43:37","modified_gmt":"2025-12-26T01:43:37","slug":"mc210cs","status":"publish","type":"product","link":"https:\/\/innovabolivia.com\/index.php\/producto\/mc210cs\/","title":{"rendered":"MC210CS"},"content":{"rendered":"<h3>Para qu\u00e9 sirve este producto<\/h3>\n<p>El MC210CS es un conversor de medios dise\u00f1ado para convertir el cable de fibra 1000BASE-LX\/LH a cable de cobre 1000Base-T o viceversa. El MC210CS est\u00e1 dise\u00f1ado conforme a los est\u00e1ndares IEEE802.3ab, 1000Base-T, IEEE802.3z y 1000Base-LX\/LH. Puede usarse con cable de fibra monomodo utilizando un conector tipo SC. El MC210CS soporta la especificaci\u00f3n de l\u00e1ser de onda larga (LX) a la m\u00e1xima velocidad de transmisi\u00f3n. Funciona a 1310 nm tanto en el env\u00edo como en la recepci\u00f3n de datos.<\/p>\n<p>Otras de las funcionalidades de este m\u00f3dulo incluyen la posibilidad de utilizarse como un dispositivo por s\u00ed mismo (sin necesidad de carcasa) o con un chasis de 19&#8243; de TP-LINK. Adem\u00e1s, detecta autom\u00e1ticamente el modo MDI\/MDI-X para el puerto TX e incluye leds de estado en un panel frontal. El MC210CS ampl\u00eda la distancia de la transmisi\u00f3n \u00f3ptica hasta 15 kil\u00f3metros al utilizar fibra monomodo.<\/p>\n","protected":false},"excerpt":{"rendered":"<div class=\"box title\">\n<div>\n<h2 class=\"product-name\">Convertidor Multimedia de Modo Individual de Gigabit<\/h2>\n<\/div>\n<\/div>\n<div class=\"box highlights\">\n<ul>\n<li>Compatible con IEEE 802.3ab y 802.3z IEEE<\/li>\n<li>Proporciona configuraci\u00f3n del switch de la fuerza \/ el modo autom\u00e1tico de transferencia de puertos FX.<\/li>\n<li>Ampl\u00eda la distancia de fibra de hasta 15 km<\/li>\n<\/ul>\n<\/div>\n","protected":false},"featured_media":9077,"comment_status":"open","ping_status":"closed","template":"","meta":[],"product_brand":[],"product_cat":[113],"product_tag":[],"class_list":{"0":"post-9076","1":"product","2":"type-product","3":"status-publish","4":"has-post-thumbnail","6":"product_cat-redes","7":"ts_product_brand-tplink","9":"first","10":"instock","11":"shipping-taxable","12":"product-type-simple"},"_links":{"self":[{"href":"https:\/\/innovabolivia.com\/index.php\/wp-json\/wp\/v2\/product\/9076","targetHints":{"allow":["GET"]}}],"collection":[{"href":"https:\/\/innovabolivia.com\/index.php\/wp-json\/wp\/v2\/product"}],"about":[{"href":"https:\/\/innovabolivia.com\/index.php\/wp-json\/wp\/v2\/types\/product"}],"replies":[{"embeddable":true,"href":"https:\/\/innovabolivia.com\/index.php\/wp-json\/wp\/v2\/comments?post=9076"}],"wp:featuredmedia":[{"embeddable":true,"href":"https:\/\/innovabolivia.com\/index.php\/wp-json\/wp\/v2\/media\/9077"}],"wp:attachment":[{"href":"https:\/\/innovabolivia.com\/index.php\/wp-json\/wp\/v2\/media?parent=9076"}],"wp:term":[{"taxonomy":"product_brand","embeddable":true,"href":"https:\/\/innovabolivia.com\/index.php\/wp-json\/wp\/v2\/product_brand?post=9076"},{"taxonomy":"product_cat","embeddable":true,"href":"https:\/\/innovabolivia.com\/index.php\/wp-json\/wp\/v2\/product_cat?post=9076"},{"taxonomy":"product_tag","embeddable":true,"href":"https:\/\/innovabolivia.com\/index.php\/wp-json\/wp\/v2\/product_tag?post=9076"}],"curies":[{"name":"wp","href":"https:\/\/api.w.org\/{rel}","templated":true}]}}